{"id":60,"date":"2021-05-26T15:23:07","date_gmt":"2021-05-26T13:23:07","guid":{"rendered":"https:\/\/photolympicworld.com\/?page_id=60"},"modified":"2021-05-31T09:33:05","modified_gmt":"2021-05-31T07:33:05","slug":"pravila","status":"publish","type":"page","link":"https:\/\/photolympicworld.com\/?page_id=60","title":{"rendered":"Pravila"},"content":{"rendered":"\t\t<div data-elementor-type=\"wp-page\" data-elementor-id=\"60\" class=\"elementor elementor-60\" data-elementor-settings=\"[]\">\n\t\t\t\t\t\t\t<div class=\"elementor-section-wrap\">\n\t\t\t\t\t\t\t<section class=\"elementor-section elementor-top-section elementor-element elementor-element-95b50b7 elementor-section-boxed elementor-section-height-default elementor-section-height-default\" data-id=\"95b50b7\" data-element_type=\"section\">\n\t\t\t\t\t\t<div class=\"elementor-container elementor-column-gap-default\">\n\t\t\t\t\t<div class=\"aux-parallax-section elementor-column elementor-col-100 elementor-top-column elementor-element elementor-element-06a43e1\" data-id=\"06a43e1\" data-element_type=\"column\">\n\t\t\t<div class=\"elementor-widget-wrap elementor-element-populated\">\n\t\t\t\t\t\t\t\t<div class=\"elementor-element elementor-element-abbed7b elementor-widget elementor-widget-aux_image\" data-id=\"abbed7b\" data-element_type=\"widget\" data-widget_type=\"aux_image.default\">\n\t\t\t\t<div class=\"elementor-widget-container\">\n\t\t\t<section class=\"widget-container aux-widget-image aux-alignnone aux-parent-au9a72d1fa\" style=\"\" >\n    <div class=\"aux-media-hint-frame \">\n        <div class=\"aux-media-image \" >\n        \n            \n\n            \n            <img loading=\"lazy\" width=\"640\" height=\"180\" src=\"https:\/\/photolympicworld.com\/wp-content\/uploads\/2021\/05\/PravilaPSH-belo.png\" class=\"aux-attachment aux-featured-image aux-attachment-id-523\" alt=\"PravilaPSH belo\" srcset=\"https:\/\/photolympicworld.com\/wp-content\/uploads\/2021\/05\/PravilaPSH-belo-150x42.png 150w,https:\/\/photolympicworld.com\/wp-content\/uploads\/2021\/05\/PravilaPSH-belo-300x84.png 300w,https:\/\/photolympicworld.com\/wp-content\/uploads\/2021\/05\/PravilaPSH-belo-768x216.png 768w,https:\/\/photolympicworld.com\/wp-content\/uploads\/2021\/05\/PravilaPSH-belo-1024x288.png 1024w,https:\/\/photolympicworld.com\/wp-content\/uploads\/2021\/05\/PravilaPSH-belo.png 640w\" data-ratio=\"3.56\" data-original-w=\"2560\" sizes=\"(max-width:479px) 480px,(max-width:767px) 768px,(max-width:1023px) 1024px,640px\" \/>            \n                <\/div>\n    <\/div>\n\n<\/section><!-- widget-container -->\t\t<\/div>\n\t\t\t\t<\/div>\n\t\t\t\t\t<\/div>\n\t\t<\/div>\n\t\t\t\t\t\t\t<\/div>\n\t\t<\/section>\n\t\t\t\t<section class=\"elementor-section elementor-top-section elementor-element elementor-element-9392771 elementor-section-boxed elementor-section-height-default elementor-section-height-default\" data-id=\"9392771\" data-element_type=\"section\">\n\t\t\t\t\t\t<div class=\"elementor-container elementor-column-gap-default\">\n\t\t\t\t\t<div class=\"aux-parallax-section elementor-column elementor-col-100 elementor-top-column elementor-element elementor-element-4b6bf8a\" data-id=\"4b6bf8a\" data-element_type=\"column\">\n\t\t\t<div class=\"elementor-widget-wrap elementor-element-populated\">\n\t\t\t\t\t\t\t\t<div class=\"elementor-element elementor-element-d1fc282 elementor-widget elementor-widget-heading\" data-id=\"d1fc282\" data-element_type=\"widget\" data-widget_type=\"heading.default\">\n\t\t\t\t<div class=\"elementor-widget-container\">\n\t\t\t<h2 class=\"elementor-heading-title elementor-size-default\">Foto konkurs<\/h2>\t\t<\/div>\n\t\t\t\t<\/div>\n\t\t\t\t\t<\/div>\n\t\t<\/div>\n\t\t\t\t\t\t\t<\/div>\n\t\t<\/section>\n\t\t\t\t<section class=\"elementor-section elementor-top-section elementor-element elementor-element-f74de0d elementor-section-boxed elementor-section-height-default elementor-section-height-default\" data-id=\"f74de0d\" data-element_type=\"section\">\n\t\t\t\t\t\t<div class=\"elementor-container elementor-column-gap-default\">\n\t\t\t\t\t<div class=\"aux-parallax-section elementor-column elementor-col-100 elementor-top-column elementor-element elementor-element-1584f1b\" data-id=\"1584f1b\" data-element_type=\"column\">\n\t\t\t<div class=\"elementor-widget-wrap elementor-element-populated\">\n\t\t\t\t\t\t\t\t<div class=\"elementor-element elementor-element-ec96dec elementor-widget elementor-widget-text-editor\" data-id=\"ec96dec\" data-element_type=\"widget\" data-widget_type=\"text-editor.default\">\n\t\t\t\t<div class=\"elementor-widget-container\">\n\t\t\t\t\t\t\t\t<p>Na\u0161 slogan \u201eFotografi\u0161ite svoja putovanja, putujte sa svojim fotografijama\u201c prenosi celu ideju.<\/p><p>&#8211; Svaka turisti\u010dka agencija daje deo sredstava bud\u017eeta na reklamu kako bi privukla ljude da kod njih kupe aran\u017eman.<br \/>&#8211; Agencija se registruje na na\u0161em sajtu i dobija status \u201eAgencija\u201c<br \/>&#8211; Svakom svom kupcu daje kod koji se generi\u0161e na sajtu.<br \/>&#8211; Turista sa tim kodom u\u010destvuje na takmi\u010denju (ako \u017eeli) potpuno BESPLATNO.<br \/>&#8211; 4 puta godi\u0161nje se organizuje foto konkurs sa 4 teme. <br \/>&#8211; U\u010desnici fotokonkursa se registruju na sajtu www.photolympicworld.com i na svojoj strani ima sva pravila za slanje fotografija na konkurs.<br \/>&#8211; \u017diri \u017eirira pristigle fotografije.<br \/>&#8211; Pobednici u svakoj temi dobijaju nagradu u vidu vau\u010dera za putovanje sa turisti\u010dkom organizacijom kod koje su kupili aran\u017eman.<br \/>&#8211; Visina nagrada to jest aran\u017emana , zavisi od broja u\u010desnika konkursa.<\/p>\t\t\t\t\t\t<\/div>\n\t\t\t\t<\/div>\n\t\t\t\t\t<\/div>\n\t\t<\/div>\n\t\t\t\t\t\t\t<\/div>\n\t\t<\/section>\n\t\t\t\t<section class=\"elementor-section elementor-top-section elementor-element elementor-element-301e55a elementor-section-boxed elementor-section-height-default elementor-section-height-default\" data-id=\"301e55a\" data-element_type=\"section\">\n\t\t\t\t\t\t<div class=\"elementor-container elementor-column-gap-default\">\n\t\t\t\t\t<div class=\"aux-parallax-section elementor-column elementor-col-100 elementor-top-column elementor-element elementor-element-d8ae3a4\" data-id=\"d8ae3a4\" data-element_type=\"column\">\n\t\t\t<div class=\"elementor-widget-wrap elementor-element-populated\">\n\t\t\t\t\t\t\t\t<div class=\"elementor-element elementor-element-e1f5c0c elementor-widget elementor-widget-heading\" data-id=\"e1f5c0c\" data-element_type=\"widget\" data-widget_type=\"heading.default\">\n\t\t\t\t<div class=\"elementor-widget-container\">\n\t\t\t<h2 class=\"elementor-heading-title elementor-size-default\">Foto festival \"Photolympic\"<\/h2>\t\t<\/div>\n\t\t\t\t<\/div>\n\t\t\t\t\t<\/div>\n\t\t<\/div>\n\t\t\t\t\t\t\t<\/div>\n\t\t<\/section>\n\t\t\t\t<section class=\"elementor-section elementor-top-section elementor-element elementor-element-beb4b5b elementor-section-boxed elementor-section-height-default elementor-section-height-default\" data-id=\"beb4b5b\" data-element_type=\"section\">\n\t\t\t\t\t\t<div class=\"elementor-container elementor-column-gap-default\">\n\t\t\t\t\t<div class=\"aux-parallax-section elementor-column elementor-col-100 elementor-top-column elementor-element elementor-element-d4cb48b\" data-id=\"d4cb48b\" data-element_type=\"column\">\n\t\t\t<div class=\"elementor-widget-wrap elementor-element-populated\">\n\t\t\t\t\t\t\t\t<div class=\"elementor-element elementor-element-ccfe3f4 elementor-widget elementor-widget-text-editor\" data-id=\"ccfe3f4\" data-element_type=\"widget\" data-widget_type=\"text-editor.default\">\n\t\t\t\t<div class=\"elementor-widget-container\">\n\t\t\t\t\t\t\t\t<p><strong>1. KAKO U\u010cESTVOVATI?<\/strong><\/p><ul><li>Foto konkurs u realnom vremenu &#8211; bez starih fotografija <\/li><li>Prijavite se na\u00a0 www.photolympicworld.com<\/li><li>Uplata kotizacije (nac\u0301i pod 3.1)<\/li><\/ul><p><strong>2. PRAVILA<\/strong><\/p><p>1. Ko mo\u017ee u\u010destvovati?<\/p><p>Na festival su dobrodo\u0161li fotografi iz celog sveta &#8211; i amateri i profesionalni fotografi, bez obzira na to gde se nalaze. Podnosioci prijava koji uplate kotizaciju u\u010destvuju u finalnom takmi\u010denju koje \u0107e biti odr\u017eano &#8212;&#8212;&#8212;.<\/p><p>2. Rok za prijavu &#8212;&#8212;&#8211; Takmi\u010denje po\u010dinje\u00a0 &#8212;- u 00:01 (London, UTC + 0)<\/p><p>24 teme bic\u0301e objavljene na veb stranici takmi\u010denja na po\u010detku takmi\u010denja. U\u010desnici c\u0301e imati na raspolaganju 48 sati za snimanje i otpremanje svih 24 fotografije (po jedna slika po temi).<\/p><p>4. Veli\u010dinafotografija za otpremanje JPG, JPEG \/ 300 dpi \/ \u20395 MB \/ RGB<\/p><p>5. Formular za prijavu www.photolympicworld.com<\/p><p>6. Naziv fotografije<\/p><p>Broj kategorije &#8211; Ime i prezime autora<\/p><p>Na primer: 1ImePrezime.jpg, 2 ImePrezime.jpg\u2026 24 ImePrezime.jpg)<\/p><p>(\u010clanovi \u017eirija ne mogu videti imena takmi\u010dara niti imena prenesenih slika.)<\/p><p>7. Obrada fotografija: Dozvoljena je minimalna obrada (svetlo, obrezivanje, kontrast, boja, desaturacija)<\/p><p>8. Dokaz o autorstvu<\/p><p>Svaki takmi\u010dar koji pobedi u kategoriji, uklju\u010dujuc\u0301i 10 fotografa koji zauzmu prvih 10 mesta u generalnom plasmanu, moraju da po\u0161alju svoje originalne RAW ili NEF datoteke Organizatoru takmi\u010denja radi pore\u0111enja sa prijavljenim prijavama. \uf06c Ove datoteke c\u0301e se koristiti samo za dokazivanje vlasni\u0161tva nad slikom. Pobedni\u010dki unosi koji ne ispunjavaju ovaj kriterijum prihvatljivosti smatrac\u0301e se neprihvatljivim i diskvalifikovanim bez prava na \u017ealbu. \uf06c Svi radovi moraju biti originalno delo takmi\u010dara i ne smeju kr\u0161iti prava bilo koje druge strane<\/p><p>9. Sadr\u017eaj na fotografijama<\/p><p>Organizator takmi\u010denja ne snosi nikakvu odgovornost za sadr\u017eaj predstavljen na fotografijama.<\/p><p><strong>3. KOTIZACIJA<\/strong><\/p><p>1. Kotizacija<\/p><p>10.10. &#8211; 10.11.2021. 15 $<\/p><p>11.11. &#8211; 20.11.2021. 20 $<\/p><p>21.11. &#8211; 30.11.2021. 25 $<\/p><p>2. POPUST Ako se neko registruje na veb stranici takmi\u010denja koristec\u0301i va\u0161 li\u010dni kod kao preporuku, dobic\u0301ete 14,3% naknade za prijavu na svoj ra\u010dun. Naknada za prijavu smanjuje se za iznos koji imate na ra\u010dunu, \u0161to zauzvrat zna\u010di da ako pozovete vi\u0161e ljudi koji se registruju koristec\u0301i vas kao preporuku, va\u0161a prijava c\u0301e se u skladu s tim smanjiti. U slu\u010daju da je iznos na va\u0161em ra\u010dunu vec\u0301i od cene naknade za prijavu, iznos c\u0301e se koristiti za plac\u0301anje naknade za prijavu za sledec\u0301e takmi\u010denje. U slu\u010daju da suma va\u0161eg ra\u010duna prema\u0161uje naknadu za prijavu za vi\u0161e od 50 $, mo\u017eete zatra\u017eiti povla\u010denje iznosa putem svoje PayPal adrese.<\/p><p>3. Rok za prijavu<\/p><p>Rok zatvaranja: &#8212;&#8211;. Prijave moraju biti primljene do ponoc\u0301i (London, UTC + 0) da bi bile prihvatljive.<\/p><p>4. Kako uplatiti kotizaciju? Naknada se mo\u017ee platiti putem PayPal-a. Uputstva su dostupna na www.photolympicworld.com na va\u0161oj stranici profila. U\u010destvujuc\u0301i na konkursu, autor prihvata propozicije i pravila organizatora.<\/p><p><strong>4. NAGRADE<\/strong><\/p><p>1. Pobednici po kategorijama U\u010desnici sa najvi\u0161im kona\u010dnim rezultatom u svakoj kategoriji bic\u0301e progla\u0161eni pobednicima u kategoriji. Pobednik svake kategorije c\u0301e dobiti 30 dolara.<\/p><p>2. Fotografija koja dobije Najvi\u0161e bodva osvaja 50 USD<\/p><p>3. Generalni plasman U\u010desnici sa najvi\u0161im kona\u010dnim rezultatom bic\u0301e progla\u0161eni glavnim dobitnicima\u00a0<\/p><p>Prvo mesto 200 $<\/p><p>Drugo mesto 150 $ <\/p><p>Trec\u0301e mesto 100 $<\/p><p>4. Takmi\u010dari koji se rangiraju sa 4. do 10. mesta dobic\u0301e naknadu za sledec\u0301e izdanje Photolympic festivala<\/p><p><strong>5. \u017dIRI<\/strong><\/p><p>1. Ko su \u010dlanovi \u017eirija? Me\u0111unarodni \u017eiri \u010dine 24 visokokvalifikovana profesionalca u oblasti fotografije. Me\u0111u njima su poznati profesori fotografije, pobednici me\u0111unarodnih takmi\u010denja i FIAP majstorski fotografi.<\/p><p>2. Na\u010din ocenjivanja fotografija<\/p><p>Ocenjivanja zapo\u010dinje odmah nakon \u0161to su fotografi poslali svoje prijave i traje do 72 sata. \uf06c \u017diri c\u0301e ocenjivati radove ocenjujuc\u0301i ih od 1 do 10. U slu\u010daju da dva ili vi\u0161e fotografa dobiju isti broj bodova, rangiranje c\u0301e ic\u0301i u korist onoga koji je dobio vec\u0301i broj najvi\u0161ih ocena.<\/p><p>3. Rezultati c\u0301e biti objavljeni na veb stranici odmah nakon zavr\u0161etka postupka ocenjivanja. Rezultati su razvrstani u dve grupe, i to: \uf06c Kategorija \uf06c Op\u0161ti plasman Pobednici kategorija bic\u0301e izabrani na osnovu najvi\u0161eg pojedina\u010dnog rezultata slike za odre\u0111ena tema. Pobednici u generalnom plasmanu bic\u0301e izabrani na osnovu najvec\u0301ih ukupnih bodova za sve prijavljene prijave. Rezultati pojedina\u010dnog \u017eirija bic\u0301e predstavljeni za svaku temu i svakog takmi\u010dara nakon takmi\u010denja u obimnom obliku tabele.<\/p><p><strong>4. DATUM NASTANKA FOTOGRAFIJA<\/strong><\/p><p>Fotografije moraju biti snimljene i dostavljene isklju\u010divo tokom 48 sati propisanog konkursnog perioda. Organizatoru treba dati: dva foldera<\/p><p>1. Fotografije koje ste predali na takmi\u010denje i<\/p><p>2 . Svaki takmi\u010dar koji pobedi u kategoriji, uklju\u010dujuc\u0301i prvih 10 fotografa u op\u0161tem plasmanu, mora da po\u0161alje svoje originalne RAW datoteke Organizatoru takmi\u010denja radi pore\u0111enja sa prijavljenim prijavama. Ove datoteke c\u0301e se koristiti samo za dokazivanje vlasni\u0161tva nad slikom. Pobedni\u010dki unosi koji ne ispunjavaju ovaj kriterijum prihvatljivosti smatrac\u0301e se neprihvatljivim i diskvalifikovanim bez prava na \u017ealbu. Svi radovi moraju biti originalno delo takmi\u010dara i ne smeju kr\u0161iti prava bilo koje druge strane).<\/p><p>2. Obra\u0111ene slike u visokoj rezoluciji kako bismo ih mogli od\u0161tampati za izlo\u017ebu ako su me\u0111u prva tri mesta u svojoj kategoriji.<\/p><p>Ime foldera: Ime i prezime &#8211; Originali i Ime i prezime &#8211; Obra\u0111eno.<\/p><p><strong> 5. AUTORSKA PRAVA I PRAVA KORI\u0160C\u0301ENJA <\/strong><\/p><p>Autorska prava na fotografije ostac\u0301e u svakom trenutku u vlasni\u0161tvu fotografa. Slike c\u0301e se koristiti striktno u vezi sa nagradama i nec\u0301e se koristiti u bilo koje druge marketin\u0161ke svrhe, osim za promociju festivala. Slike nec\u0301e preprodati niti koristiti bilo koja trec\u0301a strana. Ako postoji zahtev za takav, prosledic\u0301emo ga direktno fotografu putem e-po\u0161te. Za promociju pobednika svake kategorije Photolympicworld dobija pravo prikazivanja slika na na\u0161oj veb stranici i dru\u0161tvenim mre\u017eama (na na\u0161im zvani\u010dnim profilima), uklju\u010dujuc\u0301i: Facebook, Instagram&#8230;<\/p><p>\u00a0<\/p>\t\t\t\t\t\t<\/div>\n\t\t\t\t<\/div>\n\t\t\t\t\t<\/div>\n\t\t<\/div>\n\t\t\t\t\t\t\t<\/div>\n\t\t<\/section>\n\t\t\t\t\t\t<\/div>\n\t\t\t\t\t<\/div>\n\t\t","protected":false},"excerpt":{"rendered":"<p>Foto konkurs Na\u0161 slogan \u201eFotografi\u0161ite svoja putovanja, putujte sa svojim fotografijama\u201c prenosi celu ideju. &#8211; Svaka turisti\u010dka agencija daje deo sredstava bud\u017eeta na reklamu kako bi privukla ljude da kod njih kupe aran\u017eman.&#8211; Agencija se registruje na na\u0161em sajtu i dobija status \u201eAgencija\u201c&#8211; Svakom svom kupcu daje kod koji se generi\u0161e na sajtu.&#8211; Turista sa [&hellip;]<\/p>\n","protected":false},"author":1,"featured_media":0,"parent":0,"menu_order":0,"comment_status":"closed","ping_status":"closed","template":"","meta":[],"_links":{"self":[{"href":"https:\/\/photolympicworld.com\/index.php?rest_route=\/wp\/v2\/pages\/60"}],"collection":[{"href":"https:\/\/photolympicworld.com\/index.php?rest_route=\/wp\/v2\/pages"}],"about":[{"href":"https:\/\/photolympicworld.com\/index.php?rest_route=\/wp\/v2\/types\/page"}],"author":[{"embeddable":true,"href":"https:\/\/photolympicworld.com\/index.php?rest_route=\/wp\/v2\/users\/1"}],"replies":[{"embeddable":true,"href":"https:\/\/photolympicworld.com\/index.php?rest_route=%2Fwp%2Fv2%2Fcomments&post=60"}],"version-history":[{"count":59,"href":"https:\/\/photolympicworld.com\/index.php?rest_route=\/wp\/v2\/pages\/60\/revisions"}],"predecessor-version":[{"id":592,"href":"https:\/\/photolympicworld.com\/index.php?rest_route=\/wp\/v2\/pages\/60\/revisions\/592"}],"wp:attachment":[{"href":"https:\/\/photolympicworld.com\/index.php?rest_route=%2Fwp%2Fv2%2Fmedia&parent=60"}],"curies":[{"name":"wp","href":"https:\/\/api.w.org\/{rel}","templated":true}]}}